{"id":94,"date":"2018-07-16T10:46:45","date_gmt":"2018-07-16T10:46:45","guid":{"rendered":"https:\/\/vetrofusionegjoka.al\/?page_id=94"},"modified":"2020-01-08T14:29:46","modified_gmt":"2020-01-08T14:29:46","slug":"rreth-nesh","status":"publish","type":"page","link":"https:\/\/vetrofusionegjoka.al\/index.php\/rreth-nesh\/","title":{"rendered":"RRETH NESH"},"content":{"rendered":"<div class=\"wpb-content-wrapper\"><p>[vc_row][vc_column width=&#8221;1\/2&#8243; css=&#8221;.vc_custom_1578493690156{background-image: url(https:\/\/vetrofusionegjoka.al\/wp-content\/uploads\/2020\/01\/icon.png?id=179) !important;background-position: 0 0 !important;background-repeat: no-repeat !important;}&#8221;][vc_custom_heading text=&#8221;KUSH JEMI&#8221; font_container=&#8221;tag:h6|text_align:left&#8221; google_fonts=&#8221;font_family:Cabin%3Aregular%2Citalic%2C500%2C500italic%2C600%2C600italic%2C700%2C700italic|font_style:600%20bold%20regular%3A600%3Anormal&#8221; css=&#8221;.vc_custom_1531747231869{margin-top: -20px !important;}&#8221;][vc_custom_heading text=&#8221;RRETH NESH&#8221; font_container=&#8221;tag:h3|text_align:left&#8221; google_fonts=&#8221;font_family:Cabin%3Aregular%2Citalic%2C500%2C500italic%2C600%2C600italic%2C700%2C700italic|font_style:600%20bold%20regular%3A600%3Anormal&#8221;][vc_column_text]<\/p>\n<p style=\"text-align: justify;\">Vetrofusione Gjoka Shpk \u00ebsht\u00eb krijuar p\u00ebr t\u00eb permbushur nevojat dhe k\u00ebrkesat e klienteve, sidomos atyre aktual, po ashtu edhe klienteve potencial. Misioni i kompanis\u00eb \u00ebsht\u00eb t\u00eb ofroj\u00eb punime t\u00eb t\u00eb gjitha llojeve q\u00eb kan\u00eb t\u00eb b\u00ebjn\u00eb me punime xhami dhe duralumini. Vetrofusione Gjoka kryen p\u00ebrpunime dhe transformimin e xhamit n\u00eb temperim dhe harkim. Kompania b\u00ebn prerje m\u00eb numerik, bizhut\u00eb, zmusime, bombardim etj. Te Vetrofusione\u00a0 Gjoka do t\u00eb gjeni t\u00ebgjitha punimet me alumin dhe xham q\u00eb ju d\u00ebshironi.\u00a0Kompania Vetrofusione Gjoka ofron nj\u00eb gam\u00eb t\u00eb gj\u00ebr\u00eb sh\u00ebrbimesh me: Punime xhami; Punime alumini; Fasada xhami; Fasada t\u00eb ventiluara; Fasada t\u00eb strukturuara; Fasada gjys\u00ebm t\u00eb strukturuara; Vetrata xhami; Xhama termik; Xhama akustik; Xhama t\u00eb blinduara; Xhama kund\u00ebr zhurm\u00ebs dhe punime artistike t\u00eb t\u00eb gjithave llojeve.<\/p>\n<p>[\/vc_column_text][vc_btn title=&#8221;Ku Ndodhemi&#8221; style=&#8221;custom&#8221; custom_background=&#8221;#06acd0&#8243; custom_text=&#8221;#ffffff&#8221; shape=&#8221;square&#8221; align=&#8221;left&#8221; button_block=&#8221;true&#8221; css=&#8221;.vc_custom_1578493743253{margin-top: -20px !important;}&#8221; link=&#8221;url:%2Findex.php%2Fkontakt%2F|||&#8221;][\/vc_column][vc_column width=&#8221;1\/2&#8243; css=&#8221;.vc_custom_1578493700013{background-image: url(https:\/\/vetrofusionegjoka.al\/wp-content\/uploads\/2020\/01\/icon.png?id=179) !important;background-position: 0 0 !important;background-repeat: no-repeat !important;}&#8221;][vc_custom_heading text=&#8221;VETROFUSIONE GJOKA&#8221; font_container=&#8221;tag:h6|text_align:left&#8221; google_fonts=&#8221;font_family:Cabin%3Aregular%2Citalic%2C500%2C500italic%2C600%2C600italic%2C700%2C700italic|font_style:600%20bold%20regular%3A600%3Anormal&#8221; css=&#8221;.vc_custom_1531746092602{margin-top: -20px !important;}&#8221;][vc_custom_heading text=&#8221;\u00c7ERTIFIKIME&#8221; font_container=&#8221;tag:h3|text_align:left&#8221; google_fonts=&#8221;font_family:Cabin%3Aregular%2Citalic%2C500%2C500italic%2C600%2C600italic%2C700%2C700italic|font_style:600%20bold%20regular%3A600%3Anormal&#8221;][vc_single_image image=&#8221;131&#8243; img_size=&#8221;full&#8221; onclick=&#8221;link_image&#8221; image_hovers=&#8221;false&#8221;][\/vc_column][\/vc_row][vc_row][vc_column][vc_empty_space][\/vc_column][\/vc_row][vc_row gap=&#8221;10&#8243; css=&#8221;.vc_custom_1531747432464{margin-bottom: -50px !important;}&#8221;][vc_column width=&#8221;1\/3&#8243;]<div class=\"ult-content-box-container \" >\t\t<div class=\"ult-content-box\" style=\"background-color:#818286;box-shadow: px px px px none;padding:3px;-webkit-transition: all 700ms ease;-moz-transition: all 700ms ease;-ms-transition: all 700ms ease;-o-transition: all 700ms ease;transition: all 700ms ease;\"  data-hover_box_shadow=\"none\"     data-bg=\"#818286\" >[vc_empty_space height=&#8221;22px&#8221;]<div class=\"aio-icon-component    style_1\"><div id=\"Info-box-wrap-1379\" class=\"aio-icon-box top-icon\" style=\"\"  ><div class=\"aio-icon-top\"><div class=\"ult-just-icon-wrapper  \"><div class=\"align-icon\" style=\"text-align:center;\">\n<div class=\"aio-icon none \"  style=\"color:#ffffff;font-size:40px;display:inline-block;\">\n\t<i class=\"Defaults-check\"><\/i>\n<\/div><\/div><\/div><\/div><div class=\"aio-icon-header\" ><h3 class=\"aio-icon-title ult-responsive\"  data-ultimate-target='#Info-box-wrap-1379 .aio-icon-title'  data-responsive-json-new='{\"font-size\":\"desktop:20px;\",\"line-height\":\"\"}'  style=\"color:#ffffff;\">Kompani e \u00c7ertifikuar<\/h3><\/div> <!-- header --><div class=\"aio-icon-description ult-responsive\"  data-ultimate-target='#Info-box-wrap-1379 .aio-icon-description'  data-responsive-json-new='{\"font-size\":\"\",\"line-height\":\"\"}'  style=\"color:#ffffff;\"><\/p>\n<p style=\"text-align: center;\">Vetrofusione Gjoka\u00a0\u00ebsht\u00eb nj\u00eb kompani me nj\u00eb eksperienc\u00eb disa vjecare dhe e certifikuar nga standarte t\u00eb ndryshme.<\/p>\n<p><\/div> <!-- description --><\/div> <!-- aio-icon-box --><\/div> <!-- aio-icon-component -->\t\t<\/div><\/div>[\/vc_column][vc_column width=&#8221;1\/3&#8243;]<div class=\"ult-content-box-container \" >\t\t<div class=\"ult-content-box\" style=\"background-color:#818286;box-shadow: px px px px none;padding:3px;-webkit-transition: all 700ms ease;-moz-transition: all 700ms ease;-ms-transition: all 700ms ease;-o-transition: all 700ms ease;transition: all 700ms ease;\"  data-hover_box_shadow=\"none\"     data-bg=\"#818286\" >[vc_empty_space height=&#8221;22px&#8221;]<div class=\"aio-icon-component    style_1\"><div id=\"Info-box-wrap-8925\" class=\"aio-icon-box top-icon\" style=\"\"  ><div class=\"aio-icon-top\"><div class=\"ult-just-icon-wrapper  \"><div class=\"align-icon\" style=\"text-align:center;\">\n<div class=\"aio-icon none \"  style=\"color:#ffffff;font-size:40px;display:inline-block;\">\n\t<i class=\"Defaults-check\"><\/i>\n<\/div><\/div><\/div><\/div><div class=\"aio-icon-header\" ><h3 class=\"aio-icon-title ult-responsive\"  data-ultimate-target='#Info-box-wrap-8925 .aio-icon-title'  data-responsive-json-new='{\"font-size\":\"desktop:20px;\",\"line-height\":\"\"}'  style=\"color:#ffffff;\">Misioni i Kompanis\u00eb<\/h3><\/div> <!-- header --><div class=\"aio-icon-description ult-responsive\"  data-ultimate-target='#Info-box-wrap-8925 .aio-icon-description'  data-responsive-json-new='{\"font-size\":\"\",\"line-height\":\"\"}'  style=\"color:#ffffff;\"><\/p>\n<p style=\"text-align: center;\">Misioni i kompanis\u00eb \u00ebsht\u00eb t\u00eb ofroj\u00eb punime t\u00eb t\u00eb gjitha llojeve q\u00eb kan\u00eb t\u00eb b\u00ebjn\u00eb me punime xhami dhe duralumini.<\/p>\n<p><\/div> <!-- description --><\/div> <!-- aio-icon-box --><\/div> <!-- aio-icon-component -->\t\t<\/div><\/div>[\/vc_column][vc_column width=&#8221;1\/3&#8243;]<div class=\"ult-content-box-container \" >\t\t<div class=\"ult-content-box\" style=\"background-color:#818286;box-shadow: px px px px none;padding:3px;-webkit-transition: all 700ms ease;-moz-transition: all 700ms ease;-ms-transition: all 700ms ease;-o-transition: all 700ms ease;transition: all 700ms ease;\"  data-hover_box_shadow=\"none\"     data-bg=\"#818286\" >[vc_empty_space height=&#8221;22px&#8221;]<div class=\"aio-icon-component    style_1\"><div id=\"Info-box-wrap-6372\" class=\"aio-icon-box top-icon\" style=\"\"  ><div class=\"aio-icon-top\"><div class=\"ult-just-icon-wrapper  \"><div class=\"align-icon\" style=\"text-align:center;\">\n<div class=\"aio-icon none \"  style=\"color:#ffffff;font-size:40px;display:inline-block;\">\n\t<i class=\"Defaults-check\"><\/i>\n<\/div><\/div><\/div><\/div><div class=\"aio-icon-header\" ><h3 class=\"aio-icon-title ult-responsive\"  data-ultimate-target='#Info-box-wrap-6372 .aio-icon-title'  data-responsive-json-new='{\"font-size\":\"desktop:20px;\",\"line-height\":\"\"}'  style=\"color:#ffffff;\">Punime Cil\u00ebsore<\/h3><\/div> <!-- header --><div class=\"aio-icon-description ult-responsive\"  data-ultimate-target='#Info-box-wrap-6372 .aio-icon-description'  data-responsive-json-new='{\"font-size\":\"\",\"line-height\":\"\"}'  style=\"color:#ffffff;\"><\/p>\n<p style=\"text-align: center;\">Ne implementojm\u00eb cdo projekt n\u00eb sektorin ton\u00eb duke u cil\u00ebsuar k\u00ebshtu si nj\u00eb nd\u00ebr kompanit\u00eb m\u00eb t\u00eb mira n\u00eb k\u00ebt\u00eb sektor.<\/p>\n<p><\/div> <!-- description --><\/div> <!-- aio-icon-box --><\/div> <!-- aio-icon-component -->\t\t<\/div><\/div>[\/vc_column][\/vc_row]<\/p>\n<\/div>","protected":false},"excerpt":{"rendered":"<p>[vc_row][vc_column width=&#8221;1\/2&#8243; css=&#8221;.vc_custom_1578493690156{background-image: url(https:\/\/vetrofusionegjoka.al\/wp-content\/uploads\/2020\/01\/icon.png?id=179) !important;background-position: 0 0 !important;background-repeat: no-repeat !important;}&#8221;][vc_custom_heading text=&#8221;KUSH JEMI&#8221; font_container=&#8221;tag:h6|text_align:left&#8221; google_fonts=&#8221;font_family:Cabin%3Aregular%2Citalic%2C500%2C500italic%2C600%2C600italic%2C700%2C700italic|font_style:600%20bold%20regular%3A600%3Anormal&#8221; css=&#8221;.vc_custom_1531747231869{margin-top: -20px !important;}&#8221;][vc_custom_heading text=&#8221;RRETH NESH&#8221; font_container=&#8221;tag:h3|text_align:left&#8221; google_fonts=&#8221;font_family:Cabin%3Aregular%2Citalic%2C500%2C500italic%2C600%2C600italic%2C700%2C700italic|font_style:600%20bold%20regular%3A600%3Anormal&#8221;][vc_column_text] Vetrofusione Gjoka Shpk \u00ebsht\u00eb krijuar p\u00ebr t\u00eb permbushur nevojat dhe k\u00ebrkesat e klienteve, sidomos atyre aktual, po ashtu edhe klienteve potencial. Misioni i kompanis\u00eb \u00ebsht\u00eb t\u00eb ofroj\u00eb punime t\u00eb t\u00eb gjitha llojeve q\u00eb kan\u00eb&hellip;<\/p>\n","protected":false},"author":2,"featured_media":0,"parent":0,"menu_order":0,"comment_status":"closed","ping_status":"closed","template":"","meta":{"footnotes":""},"class_list":["post-94","page","type-page","status-publish","hentry","description-off"],"_links":{"self":[{"href":"https:\/\/vetrofusionegjoka.al\/index.php\/wp-json\/wp\/v2\/pages\/94","targetHints":{"allow":["GET"]}}],"collection":[{"href":"https:\/\/vetrofusionegjoka.al\/index.php\/wp-json\/wp\/v2\/pages"}],"about":[{"href":"https:\/\/vetrofusionegjoka.al\/index.php\/wp-json\/wp\/v2\/types\/page"}],"author":[{"embeddable":true,"href":"https:\/\/vetrofusionegjoka.al\/index.php\/wp-json\/wp\/v2\/users\/2"}],"replies":[{"embeddable":true,"href":"https:\/\/vetrofusionegjoka.al\/index.php\/wp-json\/wp\/v2\/comments?post=94"}],"version-history":[{"count":6,"href":"https:\/\/vetrofusionegjoka.al\/index.php\/wp-json\/wp\/v2\/pages\/94\/revisions"}],"predecessor-version":[{"id":203,"href":"https:\/\/vetrofusionegjoka.al\/index.php\/wp-json\/wp\/v2\/pages\/94\/revisions\/203"}],"wp:attachment":[{"href":"https:\/\/vetrofusionegjoka.al\/index.php\/wp-json\/wp\/v2\/media?parent=94"}],"curies":[{"name":"wp","href":"https:\/\/api.w.org\/{rel}","templated":true}]}}